{"id":645,"date":"2026-02-04T16:27:47","date_gmt":"2026-02-04T15:27:47","guid":{"rendered":"https:\/\/dreamy-keller.82-223-204-184.plesk.page\/?page_id=645"},"modified":"2026-03-18T16:29:31","modified_gmt":"2026-03-18T15:29:31","slug":"sobre-mi","status":"publish","type":"page","link":"https:\/\/www.vegabeuvrin.com\/es\/sobre-mi\/","title":{"rendered":"Sobre m\u00ed"},"content":{"rendered":"\t\t<div data-elementor-type=\"wp-page\" data-elementor-id=\"645\" class=\"elementor elementor-645\" data-elementor-post-type=\"page\">\n\t\t\t\t<main class=\"elementor-element elementor-element-e9becc8 e-con-full e-flex e-con e-parent\" data-id=\"e9becc8\" data-element_type=\"container\" data-e-type=\"container\" id=\"content\">\n\t\t<div class=\"elementor-element elementor-element-685f1e5 e-con-full e-flex elementor-invisible e-con e-child\" data-id=\"685f1e5\" data-element_type=\"container\" data-e-type=\"container\" data-settings=\"{&quot;animation&quot;:&quot;fadeIn&quot;}\">\n\t\t\t\t<div class=\"elementor-element elementor-element-b965dbc elementor-widget elementor-widget-image\" data-id=\"b965dbc\" data-element_type=\"widget\" data-e-type=\"widget\" data-widget_type=\"image.default\">\n\t\t\t\t\t\t\t\t\t\t\t\t\t\t\t<img fetchpriority=\"high\" decoding=\"async\" width=\"2000\" height=\"706\" src=\"https:\/\/www.vegabeuvrin.com\/wp-content\/uploads\/2026\/02\/about.jpg\" class=\"attachment-full size-full wp-image-647\" alt=\"\" srcset=\"https:\/\/www.vegabeuvrin.com\/wp-content\/uploads\/2026\/02\/about.jpg 2000w, https:\/\/www.vegabeuvrin.com\/wp-content\/uploads\/2026\/02\/about-300x106.jpg 300w, https:\/\/www.vegabeuvrin.com\/wp-content\/uploads\/2026\/02\/about-1024x361.jpg 1024w, https:\/\/www.vegabeuvrin.com\/wp-content\/uploads\/2026\/02\/about-768x271.jpg 768w, https:\/\/www.vegabeuvrin.com\/wp-content\/uploads\/2026\/02\/about-1536x542.jpg 1536w\" sizes=\"(max-width: 2000px) 100vw, 2000px\" \/>\t\t\t\t\t\t\t\t\t\t\t\t\t\t\t<\/div>\n\t\t\t\t<\/div>\n\t\t<div class=\"elementor-element elementor-element-e6d43a1 e-flex e-con-boxed elementor-invisible e-con e-child\" data-id=\"e6d43a1\" data-element_type=\"container\" data-e-type=\"container\" data-settings=\"{&quot;animation&quot;:&quot;fadeIn&quot;}\">\n\t\t\t\t\t<div class=\"e-con-inner\">\n\t\t\t\t<div class=\"elementor-element elementor-element-72428bb elementor-widget elementor-widget-heading\" data-id=\"72428bb\" data-element_type=\"widget\" data-e-type=\"widget\" data-widget_type=\"heading.default\">\n\t\t\t\t\t<h1 class=\"elementor-heading-title elementor-size-default\">SOBRE M\u00cd<\/h1>\t\t\t\t<\/div>\n\t\t\t\t\t<\/div>\n\t\t\t\t<\/div>\n\t\t<div class=\"elementor-element elementor-element-e4ec959 e-flex e-con-boxed elementor-invisible e-con e-child\" data-id=\"e4ec959\" data-element_type=\"container\" data-e-type=\"container\" data-settings=\"{&quot;animation&quot;:&quot;fadeIn&quot;}\">\n\t\t\t\t\t<div class=\"e-con-inner\">\n\t\t\t\t<div class=\"elementor-element elementor-element-1b54e5b elementor-widget elementor-widget-video\" data-id=\"1b54e5b\" data-element_type=\"widget\" data-e-type=\"widget\" data-settings=\"{&quot;video_type&quot;:&quot;hosted&quot;,&quot;show_image_overlay&quot;:&quot;yes&quot;,&quot;image_overlay&quot;:{&quot;url&quot;:&quot;https:\\\/\\\/www.vegabeuvrin.com\\\/wp-content\\\/uploads\\\/2026\\\/03\\\/entrevista-vega-beuvrin.jpg&quot;,&quot;id&quot;:1356,&quot;size&quot;:&quot;&quot;,&quot;alt&quot;:&quot;&quot;,&quot;source&quot;:&quot;library&quot;},&quot;controls&quot;:&quot;yes&quot;}\" data-widget_type=\"video.default\">\n\t\t\t\t\t\t\t<div class=\"e-hosted-video elementor-wrapper elementor-open-inline\">\n\t\t\t\t\t<video class=\"elementor-video\" src=\"https:\/\/www.vegabeuvrin.com\/wp-content\/uploads\/2026\/03\/Video-9-12-25-09-57-46.mp4\" controls=\"\" preload=\"metadata\" controlsList=\"nodownload\"><\/video>\n\t\t\t\t\t\t<div class=\"elementor-custom-embed-image-overlay\" style=\"background-image: url(https:\/\/www.vegabeuvrin.com\/wp-content\/uploads\/2026\/03\/entrevista-vega-beuvrin.jpg);\">\n\t\t\t\t\t\t\t\t\t\t\t\t\t\t\t\t<div class=\"elementor-custom-embed-play\" role=\"button\" aria-label=\"Reproducir v\u00eddeo\" tabindex=\"0\">\n\t\t\t\t\t\t\t<svg aria-hidden=\"true\" class=\"e-font-icon-svg e-fas-play\" viewBox=\"0 0 448 512\" xmlns=\"http:\/\/www.w3.org\/2000\/svg\"><path d=\"M424.4 214.7L72.4 6.6C43.8-10.3 0 6.1 0 47.9V464c0 37.5 40.7 60.1 72.4 41.3l352-208c31.4-18.5 31.5-64.1 0-82.6z\"><\/path><\/svg>\t\t\t\t\t\t<\/div>\n\t\t\t\t\t\t\t\t\t<\/div>\n\t\t\t\t\t<\/div>\n\t\t\t\t\t\t<\/div>\n\t\t\t\t\t<\/div>\n\t\t\t\t<\/div>\n\t\t<div class=\"elementor-element elementor-element-51819d9 e-flex e-con-boxed elementor-invisible e-con e-child\" data-id=\"51819d9\" data-element_type=\"container\" data-e-type=\"container\" data-settings=\"{&quot;animation&quot;:&quot;fadeIn&quot;}\">\n\t\t\t\t\t<div class=\"e-con-inner\">\n\t\t<div class=\"elementor-element elementor-element-cffc9a1 e-con-full e-flex e-con e-child\" data-id=\"cffc9a1\" data-element_type=\"container\" data-e-type=\"container\">\n\t\t\t\t<div class=\"elementor-element elementor-element-c540a8a elementor-widget elementor-widget-text-editor\" data-id=\"c540a8a\" data-element_type=\"widget\" data-e-type=\"widget\" data-widget_type=\"text-editor.default\">\n\t\t\t\t\t\t\t\t\t<p>Es un escultor y arquitecto venezolano radicado en Barcelona.<\/p><p>Su pr\u00e1ctica surge de una pregunta simple: \u00bfqu\u00e9 ocurre cuando el plano abandona la horizontalidad y ocupa el espacio tridimensional? Formado como arquitecto, su trabajo se transform\u00f3 al confrontar la realidad pol\u00edtica y urbana de Venezuela. La serie \u201cBarricada\u201d, iniciada durante las protestas estudiantiles de 2014, marc\u00f3 su transici\u00f3n de la arquitectura a la escultura.<\/p><p>Trabaja con fabricaci\u00f3n digital \u2014espec\u00edficamente robots de corte l\u00e1ser\u2014 para crear lo que denomina \u201cdibujo espacial\u201d: composiciones bidimensionales que habitan y transforman el espacio tridimensional. Esta metodolog\u00eda le permite transitar entre la precisi\u00f3n industrial y la sensibilidad art\u00edstica, generando piezas que son tanto objeto como lugar.<\/p><p>Su inter\u00e9s actual se centra en el espacio p\u00fablico: en c\u00f3mo el arte puede funcionar como infraestructura emocional urbana, produciendo no solo belleza sino tambi\u00e9n cohesi\u00f3n social y bienestar colectivo.<\/p>\t\t\t\t\t\t\t\t<\/div>\n\t\t\t\t<div class=\"elementor-element elementor-element-a32d49e elementor-widget elementor-widget-button\" data-id=\"a32d49e\" data-element_type=\"widget\" data-e-type=\"widget\" data-widget_type=\"button.default\">\n\t\t\t\t\t\t\t\t\t\t<a class=\"elementor-button elementor-button-link elementor-size-sm\" href=\"https:\/\/www.vegabeuvrin.com\/es\/press-kit-alejandro-vega-beuvrin-2025\/\" target=\"_blank\">\n\t\t\t\t\t\t<span class=\"elementor-button-content-wrapper\">\n\t\t\t\t\t\t<span class=\"elementor-button-icon\">\n\t\t\t\t<svg xmlns=\"http:\/\/www.w3.org\/2000\/svg\" xmlns:xlink=\"http:\/\/www.w3.org\/1999\/xlink\" width=\"40.018\" height=\"48.477\" viewBox=\"0 0 40.018 48.477\"><defs><clipPath id=\"clip-path\"><rect id=\"Rect&#xE1;ngulo_298\" data-name=\"Rect&#xE1;ngulo 298\" width=\"40.018\" height=\"48.477\" fill=\"#fb5330\"><\/rect><\/clipPath><\/defs><g id=\"Grupo_1580\" data-name=\"Grupo 1580\" transform=\"translate(0 0)\"><path id=\"Trazado_2316\" data-name=\"Trazado 2316\" d=\"M55.175,0V29.892h1.589V1.591H80.6v8.744H90.7V46.886H56.764V44.908H55.175v3.569H92.286V8.743L82.816,0Z\" transform=\"translate(-52.268)\" fill=\"#fb5330\"><\/path><g id=\"Grupo_1579\" data-name=\"Grupo 1579\" transform=\"translate(0 0)\"><g id=\"Grupo_1578\" data-name=\"Grupo 1578\" clip-path=\"url(#clip-path)\"><path id=\"Trazado_2317\" data-name=\"Trazado 2317\" d=\"M0,585.209H27.895V598.34H0Zm3.887,10.327v-7.647H6.362A10.6,10.6,0,0,1,8.213,588a1.8,1.8,0,0,1,1.057.7,2.415,2.415,0,0,1,.463,1.537,2.52,2.52,0,0,1-.362,1.39,1.931,1.931,0,0,1-.956.788,5.952,5.952,0,0,1-1.982.232h-1v2.881Zm1.542-6.349v2.163H6.27a3.274,3.274,0,0,0,1.45-.224.874.874,0,0,0,.432-.857.917.917,0,0,0-.385-.85,3.494,3.494,0,0,0-1.589-.232Zm5.568-1.3h2.815a4.869,4.869,0,0,1,1.936.332,2.462,2.462,0,0,1,1.2,1.251,5.278,5.278,0,0,1,.455,2.317c0,2.5-1.164,3.746-3.5,3.746H11Zm1.542,1.3v5.067h1.149a2.156,2.156,0,0,0,1.643-.51,3.1,3.1,0,0,0,.47-2.024,3.762,3.762,0,0,0-.285-1.676,1.382,1.382,0,0,0-.74-.7,5.4,5.4,0,0,0-1.543-.155Zm6.178,6.349v-7.647h5.229v1.3H20.252v1.808h3.185v1.29H20.252v3.252Z\" transform=\"translate(0 -554.374)\" fill=\"#fb5330\" fill-rule=\"evenodd\"><\/path><path id=\"Trazado_2318\" data-name=\"Trazado 2318\" d=\"M173,309.314H197.7V310.9H173Zm0,10.011H197.7v1.591H173Z\" transform=\"translate(-163.888 -293.016)\" fill=\"#fb5330\" fill-rule=\"evenodd\"><\/path><rect id=\"Rect&#xE1;ngulo_297\" data-name=\"Rect&#xE1;ngulo 297\" width=\"24.694\" height=\"1.591\" transform=\"translate(9.116 21.304)\" fill=\"#fb5330\"><\/rect><\/g><\/g><\/g><\/svg>\t\t\t<\/span>\n\t\t\t\t\t\t\t\t\t<span class=\"elementor-button-text\">DESCARGAR PRESS KIT<\/span>\n\t\t\t\t\t<\/span>\n\t\t\t\t\t<\/a>\n\t\t\t\t\t\t\t\t<\/div>\n\t\t\t\t<\/div>\n\t\t<div class=\"elementor-element elementor-element-917b9e1 e-con-full e-flex e-con e-child\" data-id=\"917b9e1\" data-element_type=\"container\" data-e-type=\"container\">\n\t\t\t\t<div class=\"elementor-element elementor-element-e40ae10 elementor-widget elementor-widget-image\" data-id=\"e40ae10\" data-element_type=\"widget\" data-e-type=\"widget\" data-widget_type=\"image.default\">\n\t\t\t\t\t\t\t\t\t\t\t\t\t\t\t<img decoding=\"async\" width=\"1408\" height=\"1698\" src=\"https:\/\/www.vegabeuvrin.com\/wp-content\/uploads\/2026\/02\/Vega-Beuvrin.jpg\" class=\"attachment-full size-full wp-image-650\" alt=\"\" srcset=\"https:\/\/www.vegabeuvrin.com\/wp-content\/uploads\/2026\/02\/Vega-Beuvrin.jpg 1408w, https:\/\/www.vegabeuvrin.com\/wp-content\/uploads\/2026\/02\/Vega-Beuvrin-249x300.jpg 249w, https:\/\/www.vegabeuvrin.com\/wp-content\/uploads\/2026\/02\/Vega-Beuvrin-849x1024.jpg 849w, https:\/\/www.vegabeuvrin.com\/wp-content\/uploads\/2026\/02\/Vega-Beuvrin-768x926.jpg 768w, https:\/\/www.vegabeuvrin.com\/wp-content\/uploads\/2026\/02\/Vega-Beuvrin-1274x1536.jpg 1274w\" sizes=\"(max-width: 1408px) 100vw, 1408px\" \/>\t\t\t\t\t\t\t\t\t\t\t\t\t\t\t<\/div>\n\t\t\t\t<\/div>\n\t\t\t\t\t<\/div>\n\t\t\t\t<\/div>\n\t\t\t\t<\/main>\n\t\t\t\t<\/div>\n\t\t","protected":false},"excerpt":{"rendered":"<p>SOBRE M\u00cd https:\/\/www.vegabeuvrin.com\/wp-content\/uploads\/2026\/03\/Video-9-12-25-09-57-46.mp4 Es un escultor y arquitecto venezolano radicado en Barcelona. Su pr\u00e1ctica surge de una pregunta simple: \u00bfqu\u00e9 ocurre cuando el plano abandona la horizontalidad y ocupa el espacio tridimensional? Formado como arquitecto, su trabajo se transform\u00f3 al confrontar la realidad pol\u00edtica y urbana de Venezuela. La serie \u201cBarricada\u201d, iniciada durante las protestas [&hellip;]<\/p>\n","protected":false},"author":1,"featured_media":0,"parent":0,"menu_order":0,"comment_status":"closed","ping_status":"closed","template":"","meta":{"_acf_changed":false,"footnotes":""},"class_list":["post-645","page","type-page","status-publish","hentry"],"acf":[],"yoast_head":"<!-- This site is optimized with the Yoast SEO plugin v27.2 - https:\/\/yoast.com\/product\/yoast-seo-wordpress\/ -->\n<title>Sobre m\u00ed - Vega Beuvrin Studio<\/title>\n<meta name=\"robots\" content=\"index, follow, max-snippet:-1, max-image-preview:large, max-video-preview:-1\" \/>\n<link rel=\"canonical\" href=\"https:\/\/www.vegabeuvrin.com\/es\/sobre-mi\/\" \/>\n<meta property=\"og:locale\" content=\"es_ES\" \/>\n<meta property=\"og:type\" content=\"article\" \/>\n<meta property=\"og:title\" content=\"Sobre m\u00ed - Vega Beuvrin Studio\" \/>\n<meta property=\"og:description\" content=\"SOBRE M\u00cd https:\/\/www.vegabeuvrin.com\/wp-content\/uploads\/2026\/03\/Video-9-12-25-09-57-46.mp4 Es un escultor y arquitecto venezolano radicado en Barcelona. Su pr\u00e1ctica surge de una pregunta simple: \u00bfqu\u00e9 ocurre cuando el plano abandona la horizontalidad y ocupa el espacio tridimensional? Formado como arquitecto, su trabajo se transform\u00f3 al confrontar la realidad pol\u00edtica y urbana de Venezuela. La serie \u201cBarricada\u201d, iniciada durante las protestas [&hellip;]\" \/>\n<meta property=\"og:url\" content=\"https:\/\/www.vegabeuvrin.com\/es\/sobre-mi\/\" \/>\n<meta property=\"og:site_name\" content=\"Vega Beuvrin Studio\" \/>\n<meta property=\"article:modified_time\" content=\"2026-03-18T15:29:31+00:00\" \/>\n<meta property=\"og:image\" content=\"https:\/\/www.vegabeuvrin.com\/wp-content\/uploads\/2026\/02\/about.jpg\" \/>\n\t<meta property=\"og:image:width\" content=\"2000\" \/>\n\t<meta property=\"og:image:height\" content=\"706\" \/>\n\t<meta property=\"og:image:type\" content=\"image\/jpeg\" \/>\n<meta name=\"twitter:card\" content=\"summary_large_image\" \/>\n<meta name=\"twitter:label1\" content=\"Tiempo de lectura\" \/>\n\t<meta name=\"twitter:data1\" content=\"1 minuto\" \/>\n<script type=\"application\/ld+json\" class=\"yoast-schema-graph\">{\"@context\":\"https:\/\/schema.org\",\"@graph\":[{\"@type\":\"WebPage\",\"@id\":\"https:\/\/www.vegabeuvrin.com\/es\/sobre-mi\/\",\"url\":\"https:\/\/www.vegabeuvrin.com\/es\/sobre-mi\/\",\"name\":\"Sobre m\u00ed - Vega Beuvrin Studio\",\"isPartOf\":{\"@id\":\"https:\/\/www.vegabeuvrin.com\/#website\"},\"primaryImageOfPage\":{\"@id\":\"https:\/\/www.vegabeuvrin.com\/es\/sobre-mi\/#primaryimage\"},\"image\":{\"@id\":\"https:\/\/www.vegabeuvrin.com\/es\/sobre-mi\/#primaryimage\"},\"thumbnailUrl\":\"https:\/\/www.vegabeuvrin.com\/wp-content\/uploads\/2026\/02\/about.jpg\",\"datePublished\":\"2026-02-04T15:27:47+00:00\",\"dateModified\":\"2026-03-18T15:29:31+00:00\",\"breadcrumb\":{\"@id\":\"https:\/\/www.vegabeuvrin.com\/es\/sobre-mi\/#breadcrumb\"},\"inLanguage\":\"es\",\"potentialAction\":[{\"@type\":\"ReadAction\",\"target\":[\"https:\/\/www.vegabeuvrin.com\/es\/sobre-mi\/\"]}]},{\"@type\":\"ImageObject\",\"inLanguage\":\"es\",\"@id\":\"https:\/\/www.vegabeuvrin.com\/es\/sobre-mi\/#primaryimage\",\"url\":\"https:\/\/www.vegabeuvrin.com\/wp-content\/uploads\/2026\/02\/about.jpg\",\"contentUrl\":\"https:\/\/www.vegabeuvrin.com\/wp-content\/uploads\/2026\/02\/about.jpg\"},{\"@type\":\"BreadcrumbList\",\"@id\":\"https:\/\/www.vegabeuvrin.com\/es\/sobre-mi\/#breadcrumb\",\"itemListElement\":[{\"@type\":\"ListItem\",\"position\":1,\"name\":\"Portada\",\"item\":\"https:\/\/www.vegabeuvrin.com\/es\/\"},{\"@type\":\"ListItem\",\"position\":2,\"name\":\"Sobre m\u00ed\"}]},{\"@type\":\"WebSite\",\"@id\":\"https:\/\/www.vegabeuvrin.com\/#website\",\"url\":\"https:\/\/www.vegabeuvrin.com\/\",\"name\":\"Vega Beuvrin Studio\",\"description\":\"\",\"publisher\":{\"@id\":\"https:\/\/www.vegabeuvrin.com\/#organization\"},\"potentialAction\":[{\"@type\":\"SearchAction\",\"target\":{\"@type\":\"EntryPoint\",\"urlTemplate\":\"https:\/\/www.vegabeuvrin.com\/?s={search_term_string}\"},\"query-input\":{\"@type\":\"PropertyValueSpecification\",\"valueRequired\":true,\"valueName\":\"search_term_string\"}}],\"inLanguage\":\"es\"},{\"@type\":\"Organization\",\"@id\":\"https:\/\/www.vegabeuvrin.com\/#organization\",\"name\":\"Vega Beuvrin Studio\",\"url\":\"https:\/\/www.vegabeuvrin.com\/\",\"logo\":{\"@type\":\"ImageObject\",\"inLanguage\":\"es\",\"@id\":\"https:\/\/www.vegabeuvrin.com\/#\/schema\/logo\/image\/\",\"url\":\"https:\/\/www.vegabeuvrin.com\/wp-content\/uploads\/2026\/01\/logo_vega_black.svg\",\"contentUrl\":\"https:\/\/www.vegabeuvrin.com\/wp-content\/uploads\/2026\/01\/logo_vega_black.svg\",\"width\":321,\"height\":254,\"caption\":\"Vega Beuvrin Studio\"},\"image\":{\"@id\":\"https:\/\/www.vegabeuvrin.com\/#\/schema\/logo\/image\/\"}}]}<\/script>\n<!-- \/ Yoast SEO plugin. -->","yoast_head_json":{"title":"Sobre m\u00ed - Vega Beuvrin Studio","robots":{"index":"index","follow":"follow","max-snippet":"max-snippet:-1","max-image-preview":"max-image-preview:large","max-video-preview":"max-video-preview:-1"},"canonical":"https:\/\/www.vegabeuvrin.com\/es\/sobre-mi\/","og_locale":"es_ES","og_type":"article","og_title":"Sobre m\u00ed - Vega Beuvrin Studio","og_description":"SOBRE M\u00cd https:\/\/www.vegabeuvrin.com\/wp-content\/uploads\/2026\/03\/Video-9-12-25-09-57-46.mp4 Es un escultor y arquitecto venezolano radicado en Barcelona. Su pr\u00e1ctica surge de una pregunta simple: \u00bfqu\u00e9 ocurre cuando el plano abandona la horizontalidad y ocupa el espacio tridimensional? Formado como arquitecto, su trabajo se transform\u00f3 al confrontar la realidad pol\u00edtica y urbana de Venezuela. La serie \u201cBarricada\u201d, iniciada durante las protestas [&hellip;]","og_url":"https:\/\/www.vegabeuvrin.com\/es\/sobre-mi\/","og_site_name":"Vega Beuvrin Studio","article_modified_time":"2026-03-18T15:29:31+00:00","og_image":[{"width":2000,"height":706,"url":"https:\/\/www.vegabeuvrin.com\/wp-content\/uploads\/2026\/02\/about.jpg","type":"image\/jpeg"}],"twitter_card":"summary_large_image","twitter_misc":{"Tiempo de lectura":"1 minuto"},"schema":{"@context":"https:\/\/schema.org","@graph":[{"@type":"WebPage","@id":"https:\/\/www.vegabeuvrin.com\/es\/sobre-mi\/","url":"https:\/\/www.vegabeuvrin.com\/es\/sobre-mi\/","name":"Sobre m\u00ed - Vega Beuvrin Studio","isPartOf":{"@id":"https:\/\/www.vegabeuvrin.com\/#website"},"primaryImageOfPage":{"@id":"https:\/\/www.vegabeuvrin.com\/es\/sobre-mi\/#primaryimage"},"image":{"@id":"https:\/\/www.vegabeuvrin.com\/es\/sobre-mi\/#primaryimage"},"thumbnailUrl":"https:\/\/www.vegabeuvrin.com\/wp-content\/uploads\/2026\/02\/about.jpg","datePublished":"2026-02-04T15:27:47+00:00","dateModified":"2026-03-18T15:29:31+00:00","breadcrumb":{"@id":"https:\/\/www.vegabeuvrin.com\/es\/sobre-mi\/#breadcrumb"},"inLanguage":"es","potentialAction":[{"@type":"ReadAction","target":["https:\/\/www.vegabeuvrin.com\/es\/sobre-mi\/"]}]},{"@type":"ImageObject","inLanguage":"es","@id":"https:\/\/www.vegabeuvrin.com\/es\/sobre-mi\/#primaryimage","url":"https:\/\/www.vegabeuvrin.com\/wp-content\/uploads\/2026\/02\/about.jpg","contentUrl":"https:\/\/www.vegabeuvrin.com\/wp-content\/uploads\/2026\/02\/about.jpg"},{"@type":"BreadcrumbList","@id":"https:\/\/www.vegabeuvrin.com\/es\/sobre-mi\/#breadcrumb","itemListElement":[{"@type":"ListItem","position":1,"name":"Portada","item":"https:\/\/www.vegabeuvrin.com\/es\/"},{"@type":"ListItem","position":2,"name":"Sobre m\u00ed"}]},{"@type":"WebSite","@id":"https:\/\/www.vegabeuvrin.com\/#website","url":"https:\/\/www.vegabeuvrin.com\/","name":"Vega Beuvrin Studio","description":"","publisher":{"@id":"https:\/\/www.vegabeuvrin.com\/#organization"},"potentialAction":[{"@type":"SearchAction","target":{"@type":"EntryPoint","urlTemplate":"https:\/\/www.vegabeuvrin.com\/?s={search_term_string}"},"query-input":{"@type":"PropertyValueSpecification","valueRequired":true,"valueName":"search_term_string"}}],"inLanguage":"es"},{"@type":"Organization","@id":"https:\/\/www.vegabeuvrin.com\/#organization","name":"Vega Beuvrin Studio","url":"https:\/\/www.vegabeuvrin.com\/","logo":{"@type":"ImageObject","inLanguage":"es","@id":"https:\/\/www.vegabeuvrin.com\/#\/schema\/logo\/image\/","url":"https:\/\/www.vegabeuvrin.com\/wp-content\/uploads\/2026\/01\/logo_vega_black.svg","contentUrl":"https:\/\/www.vegabeuvrin.com\/wp-content\/uploads\/2026\/01\/logo_vega_black.svg","width":321,"height":254,"caption":"Vega Beuvrin Studio"},"image":{"@id":"https:\/\/www.vegabeuvrin.com\/#\/schema\/logo\/image\/"}}]}},"_links":{"self":[{"href":"https:\/\/www.vegabeuvrin.com\/es\/wp-json\/wp\/v2\/pages\/645","targetHints":{"allow":["GET"]}}],"collection":[{"href":"https:\/\/www.vegabeuvrin.com\/es\/wp-json\/wp\/v2\/pages"}],"about":[{"href":"https:\/\/www.vegabeuvrin.com\/es\/wp-json\/wp\/v2\/types\/page"}],"author":[{"embeddable":true,"href":"https:\/\/www.vegabeuvrin.com\/es\/wp-json\/wp\/v2\/users\/1"}],"replies":[{"embeddable":true,"href":"https:\/\/www.vegabeuvrin.com\/es\/wp-json\/wp\/v2\/comments?post=645"}],"version-history":[{"count":59,"href":"https:\/\/www.vegabeuvrin.com\/es\/wp-json\/wp\/v2\/pages\/645\/revisions"}],"predecessor-version":[{"id":1466,"href":"https:\/\/www.vegabeuvrin.com\/es\/wp-json\/wp\/v2\/pages\/645\/revisions\/1466"}],"wp:attachment":[{"href":"https:\/\/www.vegabeuvrin.com\/es\/wp-json\/wp\/v2\/media?parent=645"}],"curies":[{"name":"wp","href":"https:\/\/api.w.org\/{rel}","templated":true}]}}