{"id":693,"date":"2026-02-04T17:25:49","date_gmt":"2026-02-04T16:25:49","guid":{"rendered":"https:\/\/dreamy-keller.82-223-204-184.plesk.page\/?page_id=693"},"modified":"2026-03-18T16:29:12","modified_gmt":"2026-03-18T15:29:12","slug":"contacto","status":"publish","type":"page","link":"https:\/\/www.vegabeuvrin.com\/es\/contacto\/","title":{"rendered":"Contacto"},"content":{"rendered":"\t\t<div data-elementor-type=\"wp-page\" data-elementor-id=\"693\" class=\"elementor elementor-693\" data-elementor-post-type=\"page\">\n\t\t\t\t<main class=\"elementor-element elementor-element-5c1edd9 e-flex e-con-boxed e-con e-parent\" data-id=\"5c1edd9\" data-element_type=\"container\" data-e-type=\"container\" id=\"content\" data-settings=\"{&quot;background_background&quot;:&quot;classic&quot;}\">\n\t\t\t\t\t<div class=\"e-con-inner\">\n\t\t<div class=\"elementor-element elementor-element-5f59bbe e-con-full e-flex elementor-invisible e-con e-child\" data-id=\"5f59bbe\" data-element_type=\"container\" data-e-type=\"container\" data-settings=\"{&quot;background_background&quot;:&quot;classic&quot;,&quot;animation&quot;:&quot;fadeIn&quot;}\">\n\t\t\t\t<div class=\"elementor-element elementor-element-b0a3fdb elementor-widget elementor-widget-heading\" data-id=\"b0a3fdb\" data-element_type=\"widget\" data-e-type=\"widget\" data-widget_type=\"heading.default\">\n\t\t\t\t\t<h1 class=\"elementor-heading-title elementor-size-default\">Adquisiciones<\/h1>\t\t\t\t<\/div>\n\t\t\t\t<div class=\"elementor-element elementor-element-fb987bf elementor-widget elementor-widget-text-editor\" data-id=\"fb987bf\" data-element_type=\"widget\" data-e-type=\"widget\" data-widget_type=\"text-editor.default\">\n\t\t\t\t\t\t\t\t\t<p>Debido a la escala y naturaleza de nuestro trabajo, revisamos las solicitudes de forma selectiva y respondemos \u00fanicamente a aquellas que se alinean con nuestra pr\u00e1ctica.<\/p>\t\t\t\t\t\t\t\t<\/div>\n\t\t\t\t<div class=\"elementor-element elementor-element-22a40d3 elementor-button-align-center form-contact elementor-widget elementor-widget-form\" data-id=\"22a40d3\" data-element_type=\"widget\" data-e-type=\"widget\" data-settings=\"{&quot;step_next_label&quot;:&quot;Siguiente&quot;,&quot;step_previous_label&quot;:&quot;Anterior&quot;,&quot;button_width&quot;:&quot;100&quot;,&quot;step_type&quot;:&quot;number_text&quot;,&quot;step_icon_shape&quot;:&quot;circle&quot;}\" data-widget_type=\"form.default\">\n\t\t\t\t\t\t\t<form class=\"elementor-form\" method=\"post\" name=\"Contacto\" aria-label=\"Contacto\">\n\t\t\t<input type=\"hidden\" name=\"post_id\" value=\"693\"\/>\n\t\t\t<input type=\"hidden\" name=\"form_id\" value=\"22a40d3\"\/>\n\t\t\t<input type=\"hidden\" name=\"referer_title\" value=\"Vega Beuvrin Studio\" \/>\n\n\t\t\t\n\t\t\t<div class=\"elementor-form-fields-wrapper elementor-labels-above\">\n\t\t\t\t\t\t\t\t<div class=\"elementor-field-type-text elementor-field-group elementor-column elementor-field-group-name elementor-col-33 elementor-field-required\">\n\t\t\t\t\t\t\t\t\t\t\t\t<label for=\"form-field-name\" class=\"elementor-field-label\">\n\t\t\t\t\t\t\t\tNombre completo *\t\t\t\t\t\t\t<\/label>\n\t\t\t\t\t\t\t\t\t\t\t\t\t\t<input size=\"1\" type=\"text\" name=\"form_fields[name]\" id=\"form-field-name\" class=\"elementor-field elementor-size-sm  elementor-field-textual\" required=\"required\">\n\t\t\t\t\t\t\t\t\t\t\t<\/div>\n\t\t\t\t\t\t\t\t<div class=\"elementor-field-type-email elementor-field-group elementor-column elementor-field-group-email elementor-col-33 elementor-field-required\">\n\t\t\t\t\t\t\t\t\t\t\t\t<label for=\"form-field-email\" class=\"elementor-field-label\">\n\t\t\t\t\t\t\t\tCorreo electr\u00f3nico *\t\t\t\t\t\t\t<\/label>\n\t\t\t\t\t\t\t\t\t\t\t\t\t\t<input size=\"1\" type=\"email\" name=\"form_fields[email]\" id=\"form-field-email\" class=\"elementor-field elementor-size-sm  elementor-field-textual\" required=\"required\">\n\t\t\t\t\t\t\t\t\t\t\t<\/div>\n\t\t\t\t\t\t\t\t<div class=\"elementor-field-type-text elementor-field-group elementor-column elementor-field-group-field_3bdb687 elementor-col-33\">\n\t\t\t\t\t\t\t\t\t\t\t\t<label for=\"form-field-field_3bdb687\" class=\"elementor-field-label\">\n\t\t\t\t\t\t\t\tOrganizaci\u00f3n \/ Empresa\t\t\t\t\t\t\t<\/label>\n\t\t\t\t\t\t\t\t\t\t\t\t\t\t<input size=\"1\" type=\"text\" name=\"form_fields[field_3bdb687]\" id=\"form-field-field_3bdb687\" class=\"elementor-field elementor-size-sm  elementor-field-textual\">\n\t\t\t\t\t\t\t\t\t\t\t<\/div>\n\t\t\t\t\t\t\t\t<div class=\"elementor-field-type-text elementor-field-group elementor-column elementor-field-group-field_403c052 elementor-col-33\">\n\t\t\t\t\t\t\t\t\t\t\t\t<label for=\"form-field-field_403c052\" class=\"elementor-field-label\">\n\t\t\t\t\t\t\t\tPa\u00eds\t\t\t\t\t\t\t<\/label>\n\t\t\t\t\t\t\t\t\t\t\t\t\t\t<input size=\"1\" type=\"text\" name=\"form_fields[field_403c052]\" id=\"form-field-field_403c052\" class=\"elementor-field elementor-size-sm  elementor-field-textual\">\n\t\t\t\t\t\t\t\t\t\t\t<\/div>\n\t\t\t\t\t\t\t\t<div class=\"elementor-field-type-select elementor-field-group elementor-column elementor-field-group-field_138c4e1 elementor-col-33 elementor-field-required\">\n\t\t\t\t\t\t\t\t\t\t\t\t<label for=\"form-field-field_138c4e1\" class=\"elementor-field-label\">\n\t\t\t\t\t\t\t\tMotivo de contacto *\t\t\t\t\t\t\t<\/label>\n\t\t\t\t\t\t\t\t<div class=\"elementor-field elementor-select-wrapper remove-before \">\n\t\t\t<div class=\"select-caret-down-wrapper\">\n\t\t\t\t<svg aria-hidden=\"true\" class=\"e-font-icon-svg e-eicon-caret-down\" viewBox=\"0 0 571.4 571.4\" xmlns=\"http:\/\/www.w3.org\/2000\/svg\"><path d=\"M571 393Q571 407 561 418L311 668Q300 679 286 679T261 668L11 418Q0 407 0 393T11 368 36 357H536Q550 357 561 368T571 393Z\"><\/path><\/svg>\t\t\t<\/div>\n\t\t\t<select name=\"form_fields[field_138c4e1]\" id=\"form-field-field_138c4e1\" class=\"elementor-field-textual elementor-size-sm\" required=\"required\">\n\t\t\t\t\t\t\t\t\t<option value=\"Selecciona\">Selecciona<\/option>\n\t\t\t\t\t\t\t\t\t<option value=\"Coleccionista privado\">Coleccionista privado<\/option>\n\t\t\t\t\t\t\t\t\t<option value=\"Promotor inmobiliario\">Promotor inmobiliario<\/option>\n\t\t\t\t\t\t\t\t\t<option value=\"Estudio de arquitectura \/ interiorismo\">Estudio de arquitectura \/ interiorismo<\/option>\n\t\t\t\t\t\t\t\t\t<option value=\"Hotel \/ Grupo hospitality\">Hotel \/ Grupo hospitality<\/option>\n\t\t\t\t\t\t\t\t\t<option value=\"Galer\u00eda \/ Asesor de arte\">Galer\u00eda \/ Asesor de arte<\/option>\n\t\t\t\t\t\t\t\t\t<option value=\"Instituci\u00f3n p\u00fablica\">Instituci\u00f3n p\u00fablica<\/option>\n\t\t\t\t\t\t\t\t\t<option value=\"Prensa \/ Medios\">Prensa \/ Medios<\/option>\n\t\t\t\t\t\t\t\t\t<option value=\"Otro (por favor, especificar)\">Otro (por favor, especificar)<\/option>\n\t\t\t\t\t\t\t<\/select>\n\t\t<\/div>\n\t\t\t\t\t\t<\/div>\n\t\t\t\t\t\t\t\t<div class=\"elementor-field-type-select elementor-field-group elementor-column elementor-field-group-field_a5c3093 elementor-col-33 elementor-field-required\">\n\t\t\t\t\t\t\t\t\t\t\t\t<label for=\"form-field-field_a5c3093\" class=\"elementor-field-label\">\n\t\t\t\t\t\t\t\tEscala del proyecto *\t\t\t\t\t\t\t<\/label>\n\t\t\t\t\t\t\t\t<div class=\"elementor-field elementor-select-wrapper remove-before \">\n\t\t\t<div class=\"select-caret-down-wrapper\">\n\t\t\t\t<svg aria-hidden=\"true\" class=\"e-font-icon-svg e-eicon-caret-down\" viewBox=\"0 0 571.4 571.4\" xmlns=\"http:\/\/www.w3.org\/2000\/svg\"><path d=\"M571 393Q571 407 561 418L311 668Q300 679 286 679T261 668L11 418Q0 407 0 393T11 368 36 357H536Q550 357 561 368T571 393Z\"><\/path><\/svg>\t\t\t<\/div>\n\t\t\t<select name=\"form_fields[field_a5c3093]\" id=\"form-field-field_a5c3093\" class=\"elementor-field-textual elementor-size-sm\" required=\"required\">\n\t\t\t\t\t\t\t\t\t<option value=\"Selecciona\">Selecciona<\/option>\n\t\t\t\t\t\t\t\t\t<option value=\"Escultura de colecci\u00f3n \/ tabletop\">Escultura de colecci\u00f3n \/ tabletop<\/option>\n\t\t\t\t\t\t\t\t\t<option value=\"Escultura interior de escala media\">Escultura interior de escala media<\/option>\n\t\t\t\t\t\t\t\t\t<option value=\"Escultura de gran escala \/ monumental\">Escultura de gran escala \/ monumental<\/option>\n\t\t\t\t\t\t\t\t\t<option value=\"Integraci\u00f3n p\u00fablica o arquitect\u00f3nica\">Integraci\u00f3n p\u00fablica o arquitect\u00f3nica<\/option>\n\t\t\t\t\t\t\t\t\t<option value=\"A\u00fan no definido\">A\u00fan no definido<\/option>\n\t\t\t\t\t\t\t<\/select>\n\t\t<\/div>\n\t\t\t\t\t\t<\/div>\n\t\t\t\t\t\t\t\t<div class=\"elementor-field-type-radio elementor-field-group elementor-column elementor-field-group-field_c3d0d1a elementor-col-33\">\n\t\t\t\t\t\t\t\t\t\t\t\t<label for=\"form-field-field_c3d0d1a\" class=\"elementor-field-label\">\n\t\t\t\t\t\t\t\tPlazo estimado\t\t\t\t\t\t\t<\/label>\n\t\t\t\t\t\t<div class=\"elementor-field-subgroup  \"><span class=\"elementor-field-option\"><input type=\"radio\" value=\"Inmediato\" id=\"form-field-field_c3d0d1a-0\" name=\"form_fields[field_c3d0d1a]\"> <label for=\"form-field-field_c3d0d1a-0\">Inmediato<\/label><\/span><span class=\"elementor-field-option\"><input type=\"radio\" value=\"3\u20136 meses\" id=\"form-field-field_c3d0d1a-1\" name=\"form_fields[field_c3d0d1a]\"> <label for=\"form-field-field_c3d0d1a-1\">3\u20136 meses<\/label><\/span><span class=\"elementor-field-option\"><input type=\"radio\" value=\"6\u201312 meses\" id=\"form-field-field_c3d0d1a-2\" name=\"form_fields[field_c3d0d1a]\"> <label for=\"form-field-field_c3d0d1a-2\">6\u201312 meses<\/label><\/span><span class=\"elementor-field-option\"><input type=\"radio\" value=\"Exploratorio\" id=\"form-field-field_c3d0d1a-3\" name=\"form_fields[field_c3d0d1a]\"> <label for=\"form-field-field_c3d0d1a-3\">Exploratorio<\/label><\/span><\/div>\t\t\t\t<\/div>\n\t\t\t\t\t\t\t\t<div class=\"elementor-field-type-textarea elementor-field-group elementor-column elementor-field-group-message elementor-col-66\">\n\t\t\t\t\t\t\t\t\t\t\t\t<label for=\"form-field-message\" class=\"elementor-field-label\">\n\t\t\t\t\t\t\t\tMensaje\t\t\t\t\t\t\t<\/label>\n\t\t\t\t\t\t<textarea class=\"elementor-field-textual elementor-field  elementor-size-sm\" name=\"form_fields[message]\" id=\"form-field-message\" rows=\"4\"><\/textarea>\t\t\t\t<\/div>\n\t\t\t\t\t\t\t\t<div class=\"elementor-field-type-acceptance elementor-field-group elementor-column elementor-field-group-field_17590dd elementor-col-100 elementor-field-required\">\n\t\t\t\t\t\t\t<div class=\"elementor-field-subgroup\">\n\t\t\t<span class=\"elementor-field-option\">\n\t\t\t\t<input type=\"checkbox\" name=\"form_fields[field_17590dd]\" id=\"form-field-field_17590dd\" class=\"elementor-field elementor-size-sm  elementor-acceptance-field\" required=\"required\">\n\t\t\t\t<label for=\"form-field-field_17590dd\">He le\u00eddo y acepto la <a href=\"https:\/\/www.vegabeuvrin.com\/es\/politica-privacidad\/\" target=\"_blank\">pol\u00edtica de privacidad<\/a><\/label>\t\t\t<\/span>\n\t\t<\/div>\n\t\t\t\t\t\t<\/div>\n\t\t\t\t\t\t\t\t<div class=\"elementor-field-type-recaptcha_v3 elementor-field-group elementor-column elementor-field-group-field_5a4c888 elementor-col-100 recaptcha_v3-bottomright\">\n\t\t\t\t\t<div class=\"elementor-field\" id=\"form-field-field_5a4c888\"><div class=\"elementor-g-recaptcha\" data-sitekey=\"6LdbDlMsAAAAAMhEszJFhnf9mirKCQdXZ2bDvEPN\" data-type=\"v3\" data-action=\"Form\" data-badge=\"bottomright\" data-size=\"invisible\"><\/div><\/div>\t\t\t\t<\/div>\n\t\t\t\t\t\t\t\t<div class=\"elementor-field-group elementor-column elementor-field-type-submit elementor-col-100 e-form__buttons\">\n\t\t\t\t\t<button class=\"elementor-button elementor-size-sm\" type=\"submit\">\n\t\t\t\t\t\t<span class=\"elementor-button-content-wrapper\">\n\t\t\t\t\t\t\t\t\t\t\t\t\t\t\t\t\t\t\t\t\t\t<span class=\"elementor-button-text\">Enviar<\/span>\n\t\t\t\t\t\t\t\t\t\t\t\t\t<\/span>\n\t\t\t\t\t<\/button>\n\t\t\t\t<\/div>\n\t\t\t<\/div>\n\t\t<\/form>\n\t\t\t\t\t\t<\/div>\n\t\t\t\t<\/div>\n\t\t\t\t\t<\/div>\n\t\t\t\t<\/main>\n\t\t\t\t<\/div>\n\t\t","protected":false},"excerpt":{"rendered":"<p>Adquisiciones Debido a la escala y naturaleza de nuestro trabajo, revisamos las solicitudes de forma selectiva y respondemos \u00fanicamente a aquellas que se alinean con nuestra pr\u00e1ctica.<\/p>\n","protected":false},"author":1,"featured_media":0,"parent":0,"menu_order":0,"comment_status":"closed","ping_status":"closed","template":"","meta":{"_acf_changed":false,"footnotes":""},"class_list":["post-693","page","type-page","status-publish","hentry"],"acf":[],"yoast_head":"<!-- This site is optimized with the Yoast SEO plugin v27.2 - https:\/\/yoast.com\/product\/yoast-seo-wordpress\/ -->\n<title>Contacto - Vega Beuvrin Studio<\/title>\n<meta name=\"robots\" content=\"index, follow, max-snippet:-1, max-image-preview:large, max-video-preview:-1\" \/>\n<link rel=\"canonical\" href=\"https:\/\/www.vegabeuvrin.com\/es\/contacto\/\" \/>\n<meta property=\"og:locale\" content=\"es_ES\" \/>\n<meta property=\"og:type\" content=\"article\" \/>\n<meta property=\"og:title\" content=\"Contacto - Vega Beuvrin Studio\" \/>\n<meta property=\"og:description\" content=\"Adquisiciones Debido a la escala y naturaleza de nuestro trabajo, revisamos las solicitudes de forma selectiva y respondemos \u00fanicamente a aquellas que se alinean con nuestra pr\u00e1ctica.\" \/>\n<meta property=\"og:url\" content=\"https:\/\/www.vegabeuvrin.com\/es\/contacto\/\" \/>\n<meta property=\"og:site_name\" content=\"Vega Beuvrin Studio\" \/>\n<meta property=\"article:modified_time\" content=\"2026-03-18T15:29:12+00:00\" \/>\n<meta name=\"twitter:card\" content=\"summary_large_image\" \/>\n<meta name=\"twitter:label1\" content=\"Tiempo de lectura\" \/>\n\t<meta name=\"twitter:data1\" content=\"1 minuto\" \/>\n<script type=\"application\/ld+json\" class=\"yoast-schema-graph\">{\"@context\":\"https:\/\/schema.org\",\"@graph\":[{\"@type\":\"WebPage\",\"@id\":\"https:\/\/www.vegabeuvrin.com\/es\/contacto\/\",\"url\":\"https:\/\/www.vegabeuvrin.com\/es\/contacto\/\",\"name\":\"Contacto - Vega Beuvrin Studio\",\"isPartOf\":{\"@id\":\"https:\/\/www.vegabeuvrin.com\/#website\"},\"datePublished\":\"2026-02-04T16:25:49+00:00\",\"dateModified\":\"2026-03-18T15:29:12+00:00\",\"breadcrumb\":{\"@id\":\"https:\/\/www.vegabeuvrin.com\/es\/contacto\/#breadcrumb\"},\"inLanguage\":\"es\",\"potentialAction\":[{\"@type\":\"ReadAction\",\"target\":[\"https:\/\/www.vegabeuvrin.com\/es\/contacto\/\"]}]},{\"@type\":\"BreadcrumbList\",\"@id\":\"https:\/\/www.vegabeuvrin.com\/es\/contacto\/#breadcrumb\",\"itemListElement\":[{\"@type\":\"ListItem\",\"position\":1,\"name\":\"Portada\",\"item\":\"https:\/\/www.vegabeuvrin.com\/es\/\"},{\"@type\":\"ListItem\",\"position\":2,\"name\":\"Contacto\"}]},{\"@type\":\"WebSite\",\"@id\":\"https:\/\/www.vegabeuvrin.com\/#website\",\"url\":\"https:\/\/www.vegabeuvrin.com\/\",\"name\":\"Vega Beuvrin Studio\",\"description\":\"\",\"publisher\":{\"@id\":\"https:\/\/www.vegabeuvrin.com\/#organization\"},\"potentialAction\":[{\"@type\":\"SearchAction\",\"target\":{\"@type\":\"EntryPoint\",\"urlTemplate\":\"https:\/\/www.vegabeuvrin.com\/?s={search_term_string}\"},\"query-input\":{\"@type\":\"PropertyValueSpecification\",\"valueRequired\":true,\"valueName\":\"search_term_string\"}}],\"inLanguage\":\"es\"},{\"@type\":\"Organization\",\"@id\":\"https:\/\/www.vegabeuvrin.com\/#organization\",\"name\":\"Vega Beuvrin Studio\",\"url\":\"https:\/\/www.vegabeuvrin.com\/\",\"logo\":{\"@type\":\"ImageObject\",\"inLanguage\":\"es\",\"@id\":\"https:\/\/www.vegabeuvrin.com\/#\/schema\/logo\/image\/\",\"url\":\"https:\/\/www.vegabeuvrin.com\/wp-content\/uploads\/2026\/01\/logo_vega_black.svg\",\"contentUrl\":\"https:\/\/www.vegabeuvrin.com\/wp-content\/uploads\/2026\/01\/logo_vega_black.svg\",\"width\":321,\"height\":254,\"caption\":\"Vega Beuvrin Studio\"},\"image\":{\"@id\":\"https:\/\/www.vegabeuvrin.com\/#\/schema\/logo\/image\/\"}}]}<\/script>\n<!-- \/ Yoast SEO plugin. -->","yoast_head_json":{"title":"Contacto - Vega Beuvrin Studio","robots":{"index":"index","follow":"follow","max-snippet":"max-snippet:-1","max-image-preview":"max-image-preview:large","max-video-preview":"max-video-preview:-1"},"canonical":"https:\/\/www.vegabeuvrin.com\/es\/contacto\/","og_locale":"es_ES","og_type":"article","og_title":"Contacto - Vega Beuvrin Studio","og_description":"Adquisiciones Debido a la escala y naturaleza de nuestro trabajo, revisamos las solicitudes de forma selectiva y respondemos \u00fanicamente a aquellas que se alinean con nuestra pr\u00e1ctica.","og_url":"https:\/\/www.vegabeuvrin.com\/es\/contacto\/","og_site_name":"Vega Beuvrin Studio","article_modified_time":"2026-03-18T15:29:12+00:00","twitter_card":"summary_large_image","twitter_misc":{"Tiempo de lectura":"1 minuto"},"schema":{"@context":"https:\/\/schema.org","@graph":[{"@type":"WebPage","@id":"https:\/\/www.vegabeuvrin.com\/es\/contacto\/","url":"https:\/\/www.vegabeuvrin.com\/es\/contacto\/","name":"Contacto - Vega Beuvrin Studio","isPartOf":{"@id":"https:\/\/www.vegabeuvrin.com\/#website"},"datePublished":"2026-02-04T16:25:49+00:00","dateModified":"2026-03-18T15:29:12+00:00","breadcrumb":{"@id":"https:\/\/www.vegabeuvrin.com\/es\/contacto\/#breadcrumb"},"inLanguage":"es","potentialAction":[{"@type":"ReadAction","target":["https:\/\/www.vegabeuvrin.com\/es\/contacto\/"]}]},{"@type":"BreadcrumbList","@id":"https:\/\/www.vegabeuvrin.com\/es\/contacto\/#breadcrumb","itemListElement":[{"@type":"ListItem","position":1,"name":"Portada","item":"https:\/\/www.vegabeuvrin.com\/es\/"},{"@type":"ListItem","position":2,"name":"Contacto"}]},{"@type":"WebSite","@id":"https:\/\/www.vegabeuvrin.com\/#website","url":"https:\/\/www.vegabeuvrin.com\/","name":"Vega Beuvrin Studio","description":"","publisher":{"@id":"https:\/\/www.vegabeuvrin.com\/#organization"},"potentialAction":[{"@type":"SearchAction","target":{"@type":"EntryPoint","urlTemplate":"https:\/\/www.vegabeuvrin.com\/?s={search_term_string}"},"query-input":{"@type":"PropertyValueSpecification","valueRequired":true,"valueName":"search_term_string"}}],"inLanguage":"es"},{"@type":"Organization","@id":"https:\/\/www.vegabeuvrin.com\/#organization","name":"Vega Beuvrin Studio","url":"https:\/\/www.vegabeuvrin.com\/","logo":{"@type":"ImageObject","inLanguage":"es","@id":"https:\/\/www.vegabeuvrin.com\/#\/schema\/logo\/image\/","url":"https:\/\/www.vegabeuvrin.com\/wp-content\/uploads\/2026\/01\/logo_vega_black.svg","contentUrl":"https:\/\/www.vegabeuvrin.com\/wp-content\/uploads\/2026\/01\/logo_vega_black.svg","width":321,"height":254,"caption":"Vega Beuvrin Studio"},"image":{"@id":"https:\/\/www.vegabeuvrin.com\/#\/schema\/logo\/image\/"}}]}},"_links":{"self":[{"href":"https:\/\/www.vegabeuvrin.com\/es\/wp-json\/wp\/v2\/pages\/693","targetHints":{"allow":["GET"]}}],"collection":[{"href":"https:\/\/www.vegabeuvrin.com\/es\/wp-json\/wp\/v2\/pages"}],"about":[{"href":"https:\/\/www.vegabeuvrin.com\/es\/wp-json\/wp\/v2\/types\/page"}],"author":[{"embeddable":true,"href":"https:\/\/www.vegabeuvrin.com\/es\/wp-json\/wp\/v2\/users\/1"}],"replies":[{"embeddable":true,"href":"https:\/\/www.vegabeuvrin.com\/es\/wp-json\/wp\/v2\/comments?post=693"}],"version-history":[{"count":70,"href":"https:\/\/www.vegabeuvrin.com\/es\/wp-json\/wp\/v2\/pages\/693\/revisions"}],"predecessor-version":[{"id":1457,"href":"https:\/\/www.vegabeuvrin.com\/es\/wp-json\/wp\/v2\/pages\/693\/revisions\/1457"}],"wp:attachment":[{"href":"https:\/\/www.vegabeuvrin.com\/es\/wp-json\/wp\/v2\/media?parent=693"}],"curies":[{"name":"wp","href":"https:\/\/api.w.org\/{rel}","templated":true}]}}